{"id":4203,"date":"2026-01-09T05:12:19","date_gmt":"2026-01-09T05:12:19","guid":{"rendered":"https:\/\/fiscalia.ca\/?page_id=4203"},"modified":"2026-02-04T19:56:20","modified_gmt":"2026-02-04T19:56:20","slug":"nouvelles","status":"publish","type":"page","link":"https:\/\/fiscalia.ca\/en\/nouvelles\/","title":{"rendered":"Nouvelles"},"content":{"rendered":"<div class=\"fusion-fullwidth fullwidth-box fusion-builder-row-1 fusion-flex-container has-pattern-background has-mask-background nonhundred-percent-fullwidth non-hundred-percent-height-scrolling\" style=\"--awb-border-radius-top-left:0px;--awb-border-radius-top-right:0px;--awb-border-radius-bottom-right:0px;--awb-border-radius-bottom-left:0px;--awb-padding-right:80px;--awb-padding-left:80px;--awb-margin-top:40px;--awb-flex-wrap:wrap;\" ><div class=\"fusion-builder-row fusion-row fusion-flex-align-items-flex-start fusion-flex-justify-content-center fusion-flex-content-wrap\" style=\"max-width:1372.8px;margin-left: calc(-4% \/ 2 );margin-right: calc(-4% \/ 2 );\"><div class=\"fusion-layout-column fusion_builder_column fusion-builder-column-0 fusion_builder_column_1_1 1_1 fusion-flex-column\" style=\"--awb-bg-size:cover;--awb-width-large:100%;--awb-margin-top-large:0px;--awb-spacing-right-large:1.92%;--awb-margin-bottom-large:0px;--awb-spacing-left-large:1.92%;--awb-width-medium:100%;--awb-order-medium:0;--awb-spacing-right-medium:1.92%;--awb-spacing-left-medium:1.92%;--awb-width-small:100%;--awb-order-small:0;--awb-spacing-right-small:1.92%;--awb-spacing-left-small:1.92%;\"><div class=\"fusion-column-wrapper fusion-column-has-shadow fusion-flex-justify-content-flex-start fusion-content-layout-column\"><div class=\"fusion-post-cards fusion-post-cards-1 fusion-grid-archive fusion-grid-columns-3\" style=\"--awb-dots-align:center;--awb-columns:3;--awb-active-filter-border-size:3px;--awb-filters-height:36px;--awb-row-spacing:0px;--awb-columns-medium:100%;\"><ul class=\"fusion-grid fusion-grid-3 fusion-flex-align-items-flex-start fusion-grid-posts-cards\"><li class=\"fusion-layout-column fusion_builder_column fusion-builder-column-1 fusion-flex-column post-card fusion-grid-column fusion-post-cards-grid-column\" style=\"--awb-bg-blend:overlay;--awb-bg-size:cover;--awb-flex-grow:0;--awb-flex-shrink:0;--awb-flex-grow-medium:0;--awb-flex-shrink-medium:0;--awb-flex-grow-small:0;--awb-flex-shrink-small:0;\"><div class=\"fusion-column-wrapper fusion-flex-justify-content-flex-start fusion-content-layout-column\"><div class=\"fusion-builder-row fusion-builder-row-inner fusion-row fusion-flex-align-items-flex-start fusion-flex-justify-content-center fusion-flex-content-wrap\" style=\"width:104% !important;max-width:104% !important;margin-left: calc(-4% \/ 2 );margin-right: calc(-4% \/ 2 );\"><div class=\"fusion-layout-column fusion_builder_column_inner fusion-builder-nested-column-0 fusion_builder_column_inner_1_1 1_1 fusion-flex-column fusion-flex-align-self-center fusion-animated\" style=\"--awb-padding-top:5px;--awb-padding-right:20px;--awb-padding-left:20px;--awb-bg-size:cover;--awb-width-large:100%;--awb-margin-top-large:0px;--awb-spacing-right-large:1.92%;--awb-margin-bottom-large:0px;--awb-spacing-left-large:1.92%;--awb-width-medium:100%;--awb-order-medium:0;--awb-spacing-right-medium:1.92%;--awb-spacing-left-medium:1.92%;--awb-width-small:100%;--awb-order-small:0;--awb-margin-top-small:40px;--awb-spacing-right-small:1.92%;--awb-spacing-left-small:1.92%;\" data-animationtype=\"fadeIn\" data-animationduration=\"0.5\" data-animationoffset=\"top-into-view\" data-scroll-devices=\"small-visibility,medium-visibility,large-visibility\"><div class=\"fusion-column-wrapper fusion-column-has-shadow fusion-flex-justify-content-flex-start fusion-content-layout-column\"><div class=\"fusion-classic-product-image-wrapper fusion-woo-product-image fusion-post-card-image fusion-post-card-image-1 fusion-animated has-aspect-ratio\" data-layout=\"static\" style=\"--awb-margin-bottom:15px;--awb-border-radius-top-left:10px;--awb-border-radius-top-right:10px;--awb-border-radius-bottom-right:10px;--awb-border-radius-bottom-left:10px;--awb-aspect-ratio-position:50% 51%;--awb-aspect-ratio:16 \/ 9;\" data-animationtype=\"fadeIn\" data-animationduration=\"1.0\" data-animationdelay=\"0.1\" data-animationoffset=\"top-into-view\"><div  class=\"fusion-image-wrapper\" aria-haspopup=\"true\">\n\t\t\t\t\t\t\t<a href=\"https:\/\/fiscalia.ca\/en\/2026\/01\/26\/fiscalia-annonce-un-partenariat-strategique-avec-bankeo\/\" aria-label=\"FISCALIA annonce un partenariat strat\u00e9gique avec Bankeo\">\n\t\t\t\t\t\t\t<img decoding=\"async\" width=\"600\" height=\"337\" src=\"https:\/\/fiscalia.ca\/wp-content\/uploads\/2026\/01\/bankeo-1.jpg\" class=\"attachment-full size-full lazyload wp-post-image\" alt=\"\" srcset=\"data:image\/svg+xml,%3Csvg%20xmlns%3D%27http%3A%2F%2Fwww.w3.org%2F2000%2Fsvg%27%20width%3D%27600%27%20height%3D%27337%27%20viewBox%3D%270%200%20600%20337%27%3E%3Crect%20width%3D%27600%27%20height%3D%27337%27%20fill-opacity%3D%220%22%2F%3E%3C%2Fsvg%3E\" data-orig-src=\"https:\/\/fiscalia.ca\/wp-content\/uploads\/2026\/01\/bankeo-1.jpg\" data-srcset=\"https:\/\/fiscalia.ca\/wp-content\/uploads\/2026\/01\/bankeo-1-200x112.jpg 200w, https:\/\/fiscalia.ca\/wp-content\/uploads\/2026\/01\/bankeo-1-400x225.jpg 400w, https:\/\/fiscalia.ca\/wp-content\/uploads\/2026\/01\/bankeo-1.jpg 600w\" data-sizes=\"auto\" \/>\t\t\t<\/a>\n\t\t\t\t\t\t\t<\/div>\n<\/div><div class=\"fusion-title title fusion-title-1 fusion-sep-none fusion-title-text fusion-title-size-four\" style=\"--awb-margin-top:5px;--awb-margin-bottom:10px;--awb-link-color:var(--awb-color8);--awb-link-hover-color:var(--awb-color5);--awb-font-size:28px;\"><h4 class=\"fusion-title-heading title-heading-left\" style=\"margin:0;text-transform:none;font-size:1em;line-height:1.2em;\"><a href=\"https:\/\/fiscalia.ca\/en\/2026\/01\/26\/fiscalia-annonce-un-partenariat-strategique-avec-bankeo\/\" class=\"awb-custom-text-color awb-custom-text-hover-color\" target=\"_self\">FISCALIA annonce un partenariat strat\u00e9gique avec Bankeo<\/a><\/h4><\/div><div class=\"fusion-text fusion-text-1 fusion-text-no-margin\" style=\"--awb-margin-bottom:0px;\"><p>FISCALIA est fi\u00e8re d\u2019annoncer un partenariat strat\u00e9gique avec Bankeo, une organisation...<\/p>\n<\/div><div ><a class=\"fusion-button button-flat fusion-button-default-size button-custom fusion-button-default button-1 fusion-button-default-span fusion-button-default-type awb-b-icon-pos-right\" style=\"--button_bevel_color:var(--awb-color5);--button_bevel_color_hover:var(--awb-color8);--button_accent_color:var(--awb-color5);--button_border_color:#ffffff;--button_accent_hover_color:var(--awb-color8);--button_border_hover_color:var(--awb-color5);--button_border_width-top:0px;--button_border_width-right:0px;--button_border_width-bottom:0px;--button_border_width-left:0px;--button_gradient_top_color:hsla(var(--awb-color1-h),var(--awb-color1-s),var(--awb-color1-l),calc(var(--awb-color1-a) - 100%));--button_gradient_bottom_color:hsla(var(--awb-color1-h),var(--awb-color1-s),var(--awb-color1-l),calc(var(--awb-color1-a) - 100%));--button_gradient_top_color_hover:hsla(var(--awb-color1-h),var(--awb-color1-s),var(--awb-color1-l),calc(var(--awb-color1-a) - 100%));--button_gradient_bottom_color_hover:hsla(var(--awb-color1-h),var(--awb-color1-s),var(--awb-color1-l),calc(var(--awb-color1-a) - 100%));--button_text_transform:var(--awb-typography3-text-transform);--button_font_size:var(--awb-typography3-font-size);--button_line_height:var(--awb-typography3-line-height);--button_padding-top:20px;--button_padding-right:40px;--button_padding-bottom:0px;--button_padding-left:40px;--button_typography-letter-spacing:var(--awb-typography3-letter-spacing);--button_typography-font-family:var(--awb-typography3-font-family);--button_typography-font-weight:var(--awb-typography3-font-weight);--button_typography-font-style:var(--awb-typography3-font-style);--button_margin-bottom:20px;--button_margin-left:-30px;\" target=\"_self\" data-hover=\"icon_position\" href=\"https:\/\/fiscalia.ca\/en\/2026\/01\/26\/fiscalia-annonce-un-partenariat-strategique-avec-bankeo\/\"><span class=\"fusion-button-text awb-button__text awb-button__text--default\">Poursuivre<\/span><i class=\"fa-angle-right fas awb-button__icon awb-button__icon--default button-icon-right\" aria-hidden=\"true\"><\/i><i class=\"fa-angle-right fas awb-button__icon awb-button__icon--default button-icon-right\" aria-hidden=\"true\"><\/i><\/a><\/div><div ><a class=\"fusion-button button-flat fusion-button-default-size button-custom fusion-button-default button-2 fusion-button-default-span fusion-button-default-type pastille-nouveaute\" style=\"--button_accent_color:var(--awb-color1);--button_accent_hover_color:var(--awb-color1);--button_border_hover_color:var(--awb-color1);--button-border-radius-top-left:60px;--button-border-radius-top-right:60px;--button-border-radius-bottom-right:60px;--button-border-radius-bottom-left:60px;--button_gradient_top_color:var(--awb-color5);--button_gradient_bottom_color:var(--awb-color5);--button_gradient_top_color_hover:hsla(var(--awb-color6-h),calc(var(--awb-color6-s) - 5%),calc(var(--awb-color6-l) - 10%),var(--awb-color6-a));--button_gradient_bottom_color_hover:hsla(var(--awb-color6-h),calc(var(--awb-color6-s) - 5%),calc(var(--awb-color6-l) - 10%),var(--awb-color6-a));--button_font_size:13px;--button_padding-top:5px;--button_padding-right:10px;--button_padding-bottom:5px;--button_padding-left:10px;\" target=\"_self\"><span class=\"fusion-button-text awb-button__text awb-button__text--default\">Nouveaut\u00e9<\/span><\/a><\/div><\/div><\/div><\/div><\/div><\/li>\n<li class=\"fusion-layout-column fusion_builder_column fusion-builder-column-2 fusion-flex-column post-card fusion-grid-column fusion-post-cards-grid-column\" style=\"--awb-bg-blend:overlay;--awb-bg-size:cover;--awb-flex-grow:0;--awb-flex-shrink:0;--awb-flex-grow-medium:0;--awb-flex-shrink-medium:0;--awb-flex-grow-small:0;--awb-flex-shrink-small:0;\"><div class=\"fusion-column-wrapper fusion-flex-justify-content-flex-start fusion-content-layout-column\"><div class=\"fusion-builder-row fusion-builder-row-inner fusion-row fusion-flex-align-items-flex-start fusion-flex-justify-content-center fusion-flex-content-wrap\" style=\"width:104% !important;max-width:104% !important;margin-left: calc(-4% \/ 2 );margin-right: calc(-4% \/ 2 );\"><div class=\"fusion-layout-column fusion_builder_column_inner fusion-builder-nested-column-1 fusion_builder_column_inner_1_1 1_1 fusion-flex-column fusion-flex-align-self-center fusion-animated\" style=\"--awb-padding-top:5px;--awb-padding-right:20px;--awb-padding-left:20px;--awb-bg-size:cover;--awb-width-large:100%;--awb-margin-top-large:0px;--awb-spacing-right-large:1.92%;--awb-margin-bottom-large:0px;--awb-spacing-left-large:1.92%;--awb-width-medium:100%;--awb-order-medium:0;--awb-spacing-right-medium:1.92%;--awb-spacing-left-medium:1.92%;--awb-width-small:100%;--awb-order-small:0;--awb-margin-top-small:40px;--awb-spacing-right-small:1.92%;--awb-spacing-left-small:1.92%;\" data-animationtype=\"fadeIn\" data-animationduration=\"0.5\" data-animationoffset=\"top-into-view\" data-scroll-devices=\"small-visibility,medium-visibility,large-visibility\"><div class=\"fusion-column-wrapper fusion-column-has-shadow fusion-flex-justify-content-flex-start fusion-content-layout-column\"><div class=\"fusion-classic-product-image-wrapper fusion-woo-product-image fusion-post-card-image fusion-post-card-image-1 fusion-animated has-aspect-ratio\" data-layout=\"static\" style=\"--awb-margin-bottom:15px;--awb-border-radius-top-left:10px;--awb-border-radius-top-right:10px;--awb-border-radius-bottom-right:10px;--awb-border-radius-bottom-left:10px;--awb-aspect-ratio-position:50% 51%;--awb-aspect-ratio:16 \/ 9;\" data-animationtype=\"fadeIn\" data-animationduration=\"1.0\" data-animationdelay=\"0.1\" data-animationoffset=\"top-into-view\"><div  class=\"fusion-image-wrapper\" aria-haspopup=\"true\">\n\t\t\t\t\t\t\t<a href=\"https:\/\/fiscalia.ca\/en\/2025\/09\/01\/groupe-ctx-fiscalite-inc-rejoint-le-reseau-fiscalia\/\" aria-label=\"Groupe CTX Fiscalit\u00e9 Inc. rejoint le r\u00e9seau FISCALIA\">\n\t\t\t\t\t\t\t<img decoding=\"async\" width=\"600\" height=\"337\" src=\"https:\/\/fiscalia.ca\/wp-content\/uploads\/2025\/09\/groupe-ctx-fiscalite-1.jpg\" class=\"attachment-full size-full lazyload wp-post-image\" alt=\"\" srcset=\"data:image\/svg+xml,%3Csvg%20xmlns%3D%27http%3A%2F%2Fwww.w3.org%2F2000%2Fsvg%27%20width%3D%27600%27%20height%3D%27337%27%20viewBox%3D%270%200%20600%20337%27%3E%3Crect%20width%3D%27600%27%20height%3D%27337%27%20fill-opacity%3D%220%22%2F%3E%3C%2Fsvg%3E\" data-orig-src=\"https:\/\/fiscalia.ca\/wp-content\/uploads\/2025\/09\/groupe-ctx-fiscalite-1.jpg\" data-srcset=\"https:\/\/fiscalia.ca\/wp-content\/uploads\/2025\/09\/groupe-ctx-fiscalite-1-200x112.jpg 200w, https:\/\/fiscalia.ca\/wp-content\/uploads\/2025\/09\/groupe-ctx-fiscalite-1-400x225.jpg 400w, https:\/\/fiscalia.ca\/wp-content\/uploads\/2025\/09\/groupe-ctx-fiscalite-1.jpg 600w\" data-sizes=\"auto\" \/>\t\t\t<\/a>\n\t\t\t\t\t\t\t<\/div>\n<\/div><div class=\"fusion-title title fusion-title-2 fusion-sep-none fusion-title-text fusion-title-size-four\" style=\"--awb-margin-top:5px;--awb-margin-bottom:10px;--awb-link-color:var(--awb-color8);--awb-link-hover-color:var(--awb-color5);--awb-font-size:28px;\"><h4 class=\"fusion-title-heading title-heading-left\" style=\"margin:0;text-transform:none;font-size:1em;line-height:1.2em;\"><a href=\"https:\/\/fiscalia.ca\/en\/2025\/09\/01\/groupe-ctx-fiscalite-inc-rejoint-le-reseau-fiscalia\/\" class=\"awb-custom-text-color awb-custom-text-hover-color\" target=\"_self\">Groupe CTX Fiscalit\u00e9 Inc. rejoint le r\u00e9seau FISCALIA<\/a><\/h4><\/div><div class=\"fusion-text fusion-text-2 fusion-text-no-margin\" style=\"--awb-margin-bottom:0px;\"><p>Le conseil d\u2019administration du Groupe CTX Fiscalit\u00e9 Inc. est fier d\u2019annoncer aujourd\u2019hui l\u2019int\u00e9gration des activit\u00e9s au sein du r\u00e9seau...<\/p>\n<\/div><div ><a class=\"fusion-button button-flat fusion-button-default-size button-custom fusion-button-default button-3 fusion-button-default-span fusion-button-default-type awb-b-icon-pos-right\" style=\"--button_bevel_color:var(--awb-color5);--button_bevel_color_hover:var(--awb-color8);--button_accent_color:var(--awb-color5);--button_border_color:#ffffff;--button_accent_hover_color:var(--awb-color8);--button_border_hover_color:var(--awb-color5);--button_border_width-top:0px;--button_border_width-right:0px;--button_border_width-bottom:0px;--button_border_width-left:0px;--button_gradient_top_color:hsla(var(--awb-color1-h),var(--awb-color1-s),var(--awb-color1-l),calc(var(--awb-color1-a) - 100%));--button_gradient_bottom_color:hsla(var(--awb-color1-h),var(--awb-color1-s),var(--awb-color1-l),calc(var(--awb-color1-a) - 100%));--button_gradient_top_color_hover:hsla(var(--awb-color1-h),var(--awb-color1-s),var(--awb-color1-l),calc(var(--awb-color1-a) - 100%));--button_gradient_bottom_color_hover:hsla(var(--awb-color1-h),var(--awb-color1-s),var(--awb-color1-l),calc(var(--awb-color1-a) - 100%));--button_text_transform:var(--awb-typography3-text-transform);--button_font_size:var(--awb-typography3-font-size);--button_line_height:var(--awb-typography3-line-height);--button_padding-top:20px;--button_padding-right:40px;--button_padding-bottom:0px;--button_padding-left:40px;--button_typography-letter-spacing:var(--awb-typography3-letter-spacing);--button_typography-font-family:var(--awb-typography3-font-family);--button_typography-font-weight:var(--awb-typography3-font-weight);--button_typography-font-style:var(--awb-typography3-font-style);--button_margin-bottom:20px;--button_margin-left:-30px;\" target=\"_self\" data-hover=\"icon_position\" href=\"https:\/\/fiscalia.ca\/en\/2025\/09\/01\/groupe-ctx-fiscalite-inc-rejoint-le-reseau-fiscalia\/\"><span class=\"fusion-button-text awb-button__text awb-button__text--default\">Poursuivre<\/span><i class=\"fa-angle-right fas awb-button__icon awb-button__icon--default button-icon-right\" aria-hidden=\"true\"><\/i><i class=\"fa-angle-right fas awb-button__icon awb-button__icon--default button-icon-right\" aria-hidden=\"true\"><\/i><\/a><\/div><div ><a class=\"fusion-button button-flat fusion-button-default-size button-custom fusion-button-default button-4 fusion-button-default-span fusion-button-default-type pastille-nouveaute\" style=\"--button_accent_color:var(--awb-color1);--button_accent_hover_color:var(--awb-color1);--button_border_hover_color:var(--awb-color1);--button-border-radius-top-left:60px;--button-border-radius-top-right:60px;--button-border-radius-bottom-right:60px;--button-border-radius-bottom-left:60px;--button_gradient_top_color:var(--awb-color5);--button_gradient_bottom_color:var(--awb-color5);--button_gradient_top_color_hover:hsla(var(--awb-color6-h),calc(var(--awb-color6-s) - 5%),calc(var(--awb-color6-l) - 10%),var(--awb-color6-a));--button_gradient_bottom_color_hover:hsla(var(--awb-color6-h),calc(var(--awb-color6-s) - 5%),calc(var(--awb-color6-l) - 10%),var(--awb-color6-a));--button_font_size:13px;--button_padding-top:5px;--button_padding-right:10px;--button_padding-bottom:5px;--button_padding-left:10px;\" target=\"_self\"><span class=\"fusion-button-text awb-button__text awb-button__text--default\">Nouveaut\u00e9<\/span><\/a><\/div><\/div><\/div><\/div><\/div><\/li>\n<\/ul><\/div><\/div><\/div><\/div><\/div>","protected":false},"excerpt":{"rendered":"","protected":false},"author":2,"featured_media":0,"parent":0,"menu_order":0,"comment_status":"closed","ping_status":"closed","template":"100-width.php","meta":{"footnotes":""},"class_list":["post-4203","page","type-page","status-publish","hentry"],"yoast_head":"<!-- This site is optimized with the Yoast SEO plugin v27.0 - https:\/\/yoast.com\/product\/yoast-seo-wordpress\/ -->\n<title>Nouvelles FISCALIA<\/title>\n<meta name=\"robots\" content=\"index, follow, max-snippet:-1, max-image-preview:large, max-video-preview:-1\" \/>\n<link rel=\"canonical\" href=\"https:\/\/fiscalia.ca\/en\/nouvelles\/\" \/>\n<meta property=\"og:locale\" content=\"en_US\" \/>\n<meta property=\"og:type\" content=\"article\" \/>\n<meta property=\"og:title\" content=\"Nouvelles FISCALIA\" \/>\n<meta property=\"og:url\" content=\"https:\/\/fiscalia.ca\/en\/nouvelles\/\" \/>\n<meta property=\"og:site_name\" content=\"FISCALIA\" \/>\n<meta property=\"article:modified_time\" content=\"2026-02-04T19:56:20+00:00\" \/>\n<meta name=\"twitter:card\" content=\"summary_large_image\" \/>\n<meta name=\"twitter:label1\" content=\"Est. reading time\" \/>\n\t<meta name=\"twitter:data1\" content=\"1 minute\" \/>\n<script type=\"application\/ld+json\" class=\"yoast-schema-graph\">{\"@context\":\"https:\/\/schema.org\",\"@graph\":[{\"@type\":\"WebPage\",\"@id\":\"https:\/\/fiscalia.ca\/nouvelles\/\",\"url\":\"https:\/\/fiscalia.ca\/nouvelles\/\",\"name\":\"Nouvelles FISCALIA\",\"isPartOf\":{\"@id\":\"https:\/\/fiscalia.ca\/#website\"},\"datePublished\":\"2026-01-09T05:12:19+00:00\",\"dateModified\":\"2026-02-04T19:56:20+00:00\",\"breadcrumb\":{\"@id\":\"https:\/\/fiscalia.ca\/nouvelles\/#breadcrumb\"},\"inLanguage\":\"en-CA\",\"potentialAction\":[{\"@type\":\"ReadAction\",\"target\":[\"https:\/\/fiscalia.ca\/nouvelles\/\"]}]},{\"@type\":\"BreadcrumbList\",\"@id\":\"https:\/\/fiscalia.ca\/nouvelles\/#breadcrumb\",\"itemListElement\":[{\"@type\":\"ListItem\",\"position\":1,\"name\":\"Accueil\",\"item\":\"https:\/\/fiscalia.ca\/\"},{\"@type\":\"ListItem\",\"position\":2,\"name\":\"Nouvelles\"}]},{\"@type\":\"WebSite\",\"@id\":\"https:\/\/fiscalia.ca\/#website\",\"url\":\"https:\/\/fiscalia.ca\/\",\"name\":\"FISCALIA\",\"description\":\"\",\"potentialAction\":[{\"@type\":\"SearchAction\",\"target\":{\"@type\":\"EntryPoint\",\"urlTemplate\":\"https:\/\/fiscalia.ca\/?s={search_term_string}\"},\"query-input\":{\"@type\":\"PropertyValueSpecification\",\"valueRequired\":true,\"valueName\":\"search_term_string\"}}],\"inLanguage\":\"en-CA\"}]}<\/script>\n<!-- \/ Yoast SEO plugin. -->","yoast_head_json":{"title":"Nouvelles FISCALIA","robots":{"index":"index","follow":"follow","max-snippet":"max-snippet:-1","max-image-preview":"max-image-preview:large","max-video-preview":"max-video-preview:-1"},"canonical":"https:\/\/fiscalia.ca\/en\/nouvelles\/","og_locale":"en_US","og_type":"article","og_title":"Nouvelles FISCALIA","og_url":"https:\/\/fiscalia.ca\/en\/nouvelles\/","og_site_name":"FISCALIA","article_modified_time":"2026-02-04T19:56:20+00:00","twitter_card":"summary_large_image","twitter_misc":{"Est. reading time":"1 minute"},"schema":{"@context":"https:\/\/schema.org","@graph":[{"@type":"WebPage","@id":"https:\/\/fiscalia.ca\/nouvelles\/","url":"https:\/\/fiscalia.ca\/nouvelles\/","name":"Nouvelles FISCALIA","isPartOf":{"@id":"https:\/\/fiscalia.ca\/#website"},"datePublished":"2026-01-09T05:12:19+00:00","dateModified":"2026-02-04T19:56:20+00:00","breadcrumb":{"@id":"https:\/\/fiscalia.ca\/nouvelles\/#breadcrumb"},"inLanguage":"en-CA","potentialAction":[{"@type":"ReadAction","target":["https:\/\/fiscalia.ca\/nouvelles\/"]}]},{"@type":"BreadcrumbList","@id":"https:\/\/fiscalia.ca\/nouvelles\/#breadcrumb","itemListElement":[{"@type":"ListItem","position":1,"name":"Accueil","item":"https:\/\/fiscalia.ca\/"},{"@type":"ListItem","position":2,"name":"Nouvelles"}]},{"@type":"WebSite","@id":"https:\/\/fiscalia.ca\/#website","url":"https:\/\/fiscalia.ca\/","name":"FISCALIA","description":"","potentialAction":[{"@type":"SearchAction","target":{"@type":"EntryPoint","urlTemplate":"https:\/\/fiscalia.ca\/?s={search_term_string}"},"query-input":{"@type":"PropertyValueSpecification","valueRequired":true,"valueName":"search_term_string"}}],"inLanguage":"en-CA"}]}},"_links":{"self":[{"href":"https:\/\/fiscalia.ca\/en\/wp-json\/wp\/v2\/pages\/4203","targetHints":{"allow":["GET"]}}],"collection":[{"href":"https:\/\/fiscalia.ca\/en\/wp-json\/wp\/v2\/pages"}],"about":[{"href":"https:\/\/fiscalia.ca\/en\/wp-json\/wp\/v2\/types\/page"}],"author":[{"embeddable":true,"href":"https:\/\/fiscalia.ca\/en\/wp-json\/wp\/v2\/users\/2"}],"replies":[{"embeddable":true,"href":"https:\/\/fiscalia.ca\/en\/wp-json\/wp\/v2\/comments?post=4203"}],"version-history":[{"count":13,"href":"https:\/\/fiscalia.ca\/en\/wp-json\/wp\/v2\/pages\/4203\/revisions"}],"predecessor-version":[{"id":4469,"href":"https:\/\/fiscalia.ca\/en\/wp-json\/wp\/v2\/pages\/4203\/revisions\/4469"}],"wp:attachment":[{"href":"https:\/\/fiscalia.ca\/en\/wp-json\/wp\/v2\/media?parent=4203"}],"curies":[{"name":"wp","href":"https:\/\/api.w.org\/{rel}","templated":true}]}}