{"id":4162,"date":"2025-09-30T15:41:10","date_gmt":"2025-09-30T15:41:10","guid":{"rendered":"https:\/\/fiscalia.ca\/?page_id=4162"},"modified":"2026-01-08T19:56:34","modified_gmt":"2026-01-08T19:56:34","slug":"qui-sommes-nous","status":"publish","type":"page","link":"https:\/\/fiscalia.ca\/en\/champs-expertises\/qui-sommes-nous\/","title":{"rendered":"Who we are"},"content":{"rendered":"<div class=\"fusion-fullwidth fullwidth-box fusion-builder-row-1 fusion-flex-container has-pattern-background has-mask-background nonhundred-percent-fullwidth non-hundred-percent-height-scrolling\" style=\"--awb-border-radius-top-left:0px;--awb-border-radius-top-right:0px;--awb-border-radius-bottom-right:0px;--awb-border-radius-bottom-left:0px;--awb-flex-wrap:wrap;\" ><div class=\"fusion-builder-row fusion-row fusion-flex-align-items-flex-start fusion-flex-content-wrap\" style=\"max-width:1372.8px;margin-left: calc(-4% \/ 2 );margin-right: calc(-4% \/ 2 );\"><div class=\"fusion-layout-column fusion_builder_column fusion-builder-column-0 fusion_builder_column_1_1 1_1 fusion-flex-column\" style=\"--awb-padding-bottom:60px;--awb-bg-size:cover;--awb-width-large:100%;--awb-margin-top-large:0px;--awb-spacing-right-large:1.92%;--awb-margin-bottom-large:0px;--awb-spacing-left-large:1.92%;--awb-width-medium:100%;--awb-order-medium:0;--awb-spacing-right-medium:1.92%;--awb-spacing-left-medium:1.92%;--awb-width-small:100%;--awb-order-small:0;--awb-spacing-right-small:1.92%;--awb-spacing-left-small:1.92%;\"><div class=\"fusion-column-wrapper fusion-column-has-shadow fusion-flex-justify-content-flex-start fusion-content-layout-column\"><div class=\"fusion-text fusion-text-1 fusion-text-no-margin\" style=\"--awb-margin-bottom:40px;\"><p style=\"line-height: 30.6px;\" data-fusion-font=\"true\"><span style=\"letter-spacing: -0.255px; background-color: rgba(0, 0, 0, 0);\"><b data-fusion-font=\"true\" style=\"line-height: 36px;\">UN R\u00c9SEAU STRUCTUR\u00c9 D&rsquo;EXPERT(E)S EN FISCALIT\u00c9. <\/b><\/span><\/p>\n<p style=\"line-height: 30.6px;\" data-fusion-font=\"true\"><span style=\"letter-spacing: -0.255px; background-color: rgba(0, 0, 0, 0);\">FISCALIA est un r\u00e9seau d\u2019experts en fiscalit\u00e9 qui r\u00e9unit des sp\u00e9cialistes chevronn\u00e9s, issus de grands cabinets et de pratiques ind\u00e9pendantes, autour d\u2019une m\u00eame exigence de rigueur, de qualit\u00e9 et de conformit\u00e9.<\/span><\/p>\n<p>Notre mod\u00e8le favorise l\u2019ind\u00e9pendance professionnelle, tout en s\u2019appuyant sur une infrastructure commune, des outils performants et une culture de collaboration et de partage.<\/p>\n<p>Il permet aux expert(e)s de se concentrer sur leur valeur ajout\u00e9e r\u00e9elle, tout en \u00e9voluant au sein d\u2019un collectif structur\u00e9 et cr\u00e9dible.<\/p>\n<blockquote>\n<p><b>Une expertise fiscale accessible, cibl\u00e9e et fiable pour les clients<\/b><\/p>\n<\/blockquote>\n<p>Pour les entreprises, les organisations et les cabinets comptables, FISCALIA constitue un point d\u2019acc\u00e8s privil\u00e9gi\u00e9 \u00e0 une expertise fiscale de haut niveau.<\/p>\n<p>Gr\u00e2ce \u00e0 notre r\u00e9seau, nous sommes en mesure de mobiliser rapidement le bon expert, selon la nature et la complexit\u00e9 du mandat, tout en assurant :<\/p>\n<ul>\n<li>un haut niveau de rigueur et de conformit\u00e9,<\/li>\n<li>une analyse ind\u00e9pendante et sp\u00e9cialis\u00e9e,<\/li>\n<li>une continuit\u00e9 dans l\u2019accompagnement,<\/li>\n<li>et une approche pragmatique, confidentielle et orient\u00e9e solutions.<\/li>\n<\/ul>\n<p>Nos clients b\u00e9n\u00e9ficient ainsi de la profondeur d\u2019un grand cabinet, avec la souplesse, la proximit\u00e9 et la sp\u00e9cialisation d\u2019un r\u00e9seau d\u2019experts.<\/p>\n<\/div><div class=\"fusion-builder-row fusion-builder-row-inner fusion-row fusion-flex-align-items-flex-start fusion-flex-content-wrap\" style=\"width:104% !important;max-width:104% !important;margin-left: calc(-4% \/ 2 );margin-right: calc(-4% \/ 2 );\"><div class=\"fusion-layout-column fusion_builder_column_inner fusion-builder-nested-column-0 fusion_builder_column_inner_1_1 1_1 fusion-flex-column\" style=\"--awb-bg-size:cover;--awb-width-large:100%;--awb-margin-top-large:0px;--awb-spacing-right-large:1.92%;--awb-margin-bottom-large:0px;--awb-spacing-left-large:1.92%;--awb-width-medium:100%;--awb-order-medium:0;--awb-spacing-right-medium:1.92%;--awb-spacing-left-medium:1.92%;--awb-width-small:100%;--awb-order-small:0;--awb-spacing-right-small:1.92%;--awb-spacing-left-small:1.92%;\"><div class=\"fusion-column-wrapper fusion-column-has-shadow fusion-flex-justify-content-flex-start fusion-content-layout-column\"><div class=\"fusion-title title fusion-title-1 fusion-sep-none fusion-title-text fusion-title-size-four\" style=\"--awb-text-color:var(--awb-custom_color_1);\"><h4 class=\"fusion-title-heading title-heading-left\" style=\"margin:0;text-transform:none;\">Mission<\/h4><\/div><\/div><\/div><div class=\"fusion-layout-column fusion_builder_column_inner fusion-builder-nested-column-1 fusion_builder_column_inner_1_1 1_1 fusion-flex-column\" style=\"--awb-bg-size:cover;--awb-width-large:100%;--awb-margin-top-large:0px;--awb-spacing-right-large:1.92%;--awb-margin-bottom-large:0px;--awb-spacing-left-large:1.92%;--awb-width-medium:100%;--awb-order-medium:0;--awb-spacing-right-medium:1.92%;--awb-spacing-left-medium:1.92%;--awb-width-small:100%;--awb-order-small:0;--awb-spacing-right-small:1.92%;--awb-spacing-left-small:1.92%;\"><div class=\"fusion-column-wrapper fusion-column-has-shadow fusion-flex-justify-content-flex-start fusion-content-layout-column\"><div class=\"fusion-text fusion-text-2\"><p>To support tax professionals by providing them with a collaborative environment and shared services backed by cutting-edge technological tools, in order to unlock their potential and optimize their practices.<\/p>\n<\/div><\/div><\/div><\/div><div class=\"fusion-builder-row fusion-builder-row-inner fusion-row fusion-flex-align-items-flex-start fusion-flex-content-wrap\" style=\"width:104% !important;max-width:104% !important;margin-left: calc(-4% \/ 2 );margin-right: calc(-4% \/ 2 );\"><div class=\"fusion-layout-column fusion_builder_column_inner fusion-builder-nested-column-2 fusion_builder_column_inner_1_1 1_1 fusion-flex-column\" style=\"--awb-bg-size:cover;--awb-width-large:100%;--awb-margin-top-large:0px;--awb-spacing-right-large:1.92%;--awb-margin-bottom-large:0px;--awb-spacing-left-large:1.92%;--awb-width-medium:100%;--awb-order-medium:0;--awb-spacing-right-medium:1.92%;--awb-spacing-left-medium:1.92%;--awb-width-small:100%;--awb-order-small:0;--awb-spacing-right-small:1.92%;--awb-spacing-left-small:1.92%;\"><div class=\"fusion-column-wrapper fusion-column-has-shadow fusion-flex-justify-content-flex-start fusion-content-layout-column\"><div class=\"fusion-title title fusion-title-2 fusion-sep-none fusion-title-text fusion-title-size-four\" style=\"--awb-text-color:var(--awb-custom_color_1);\"><h4 class=\"fusion-title-heading title-heading-left\" style=\"margin:0;text-transform:none;\">Vision<\/h4><\/div><\/div><\/div><div class=\"fusion-layout-column fusion_builder_column_inner fusion-builder-nested-column-3 fusion_builder_column_inner_1_1 1_1 fusion-flex-column\" style=\"--awb-bg-size:cover;--awb-width-large:100%;--awb-margin-top-large:0px;--awb-spacing-right-large:1.92%;--awb-margin-bottom-large:0px;--awb-spacing-left-large:1.92%;--awb-width-medium:100%;--awb-order-medium:0;--awb-spacing-right-medium:1.92%;--awb-spacing-left-medium:1.92%;--awb-width-small:100%;--awb-order-small:0;--awb-spacing-right-small:1.92%;--awb-spacing-left-small:1.92%;\"><div class=\"fusion-column-wrapper fusion-column-has-shadow fusion-flex-justify-content-flex-start fusion-content-layout-column\"><div class=\"fusion-text fusion-text-3\"><p><span data-teams=\"true\">To develop a high-performing and inspiring network of tax experts, recognized as a leading reference, that brings together talent and redefines how organizations access top-level tax solutions.<\/span><\/p>\n<\/div><\/div><\/div><\/div><div class=\"fusion-builder-row fusion-builder-row-inner fusion-row fusion-flex-align-items-flex-start fusion-flex-content-wrap\" style=\"width:104% !important;max-width:104% !important;margin-left: calc(-4% \/ 2 );margin-right: calc(-4% \/ 2 );\"><div class=\"fusion-layout-column fusion_builder_column_inner fusion-builder-nested-column-4 fusion_builder_column_inner_1_1 1_1 fusion-flex-column\" style=\"--awb-bg-size:cover;--awb-width-large:100%;--awb-margin-top-large:0px;--awb-spacing-right-large:1.92%;--awb-margin-bottom-large:0px;--awb-spacing-left-large:1.92%;--awb-width-medium:100%;--awb-order-medium:0;--awb-spacing-right-medium:1.92%;--awb-spacing-left-medium:1.92%;--awb-width-small:100%;--awb-order-small:0;--awb-spacing-right-small:1.92%;--awb-spacing-left-small:1.92%;\"><div class=\"fusion-column-wrapper fusion-column-has-shadow fusion-flex-justify-content-flex-start fusion-content-layout-column\"><div class=\"fusion-title title fusion-title-3 fusion-sep-none fusion-title-text fusion-title-size-four\" style=\"--awb-text-color:var(--awb-custom_color_1);\"><h4 class=\"fusion-title-heading title-heading-left\" style=\"margin:0;text-transform:none;\">Values<\/h4><\/div><\/div><\/div><div class=\"fusion-layout-column fusion_builder_column_inner fusion-builder-nested-column-5 fusion_builder_column_inner_1_1 1_1 fusion-flex-column\" style=\"--awb-bg-size:cover;--awb-width-large:100%;--awb-margin-top-large:0px;--awb-spacing-right-large:1.92%;--awb-margin-bottom-large:0px;--awb-spacing-left-large:1.92%;--awb-width-medium:100%;--awb-order-medium:0;--awb-spacing-right-medium:1.92%;--awb-spacing-left-medium:1.92%;--awb-width-small:100%;--awb-order-small:0;--awb-spacing-right-small:1.92%;--awb-spacing-left-small:1.92%;\"><div class=\"fusion-column-wrapper fusion-column-has-shadow fusion-flex-justify-content-flex-start fusion-content-layout-column\"><ul style=\"--awb-margin-top:0px;--awb-item-padding-top:30px;--awb-item-padding-right:30px;--awb-item-padding-bottom:30px;--awb-item-padding-left:20px;--awb-even-row-bgcolor:var(--awb-color2);--awb-iconcolor:var(--awb-color5);--awb-line-height:27.2px;--awb-icon-width:27.2px;--awb-icon-height:27.2px;--awb-icon-margin:11.2px;--awb-content-margin:38.4px;\" class=\"fusion-checklist fusion-checklist-1 type-icons\"><li class=\"fusion-li-item\" style=\"\"><span class=\"icon-wrapper circle-no\"><i class=\"fusion-li-icon fa-angle-right fas\" aria-hidden=\"true\"><\/i><\/span><div class=\"fusion-li-item-content\">\n<p><span data-teams=\"true\"><strong style=\"font-size: 17px;\" data-fusion-font=\"true\">Rigour<\/strong><span style=\"font-size: 17px;\" data-fusion-font=\"true\"> : Assurer le plus haut niveau de qualit\u00e9 et de conformit\u00e9<\/span><\/span><\/p>\n<\/div><\/li><li class=\"fusion-li-item\" style=\"\"><span class=\"icon-wrapper circle-no\"><i class=\"fusion-li-icon fa-angle-right fas\" aria-hidden=\"true\"><\/i><\/span><div class=\"fusion-li-item-content\">\n<p><span data-teams=\"true\"><strong style=\"font-size: 17px;\" data-fusion-font=\"true\">Innovation<\/strong><span style=\"font-size: 17px;\" data-fusion-font=\"true\"> : Int\u00e9grer la technologie et les pratiques d\u2019avant-garde pour mieux servir<\/span><\/span><\/p>\n<\/div><\/li><li class=\"fusion-li-item\" style=\"\"><span class=\"icon-wrapper circle-no\"><i class=\"fusion-li-icon fa-angle-right fas\" aria-hidden=\"true\"><\/i><\/span><div class=\"fusion-li-item-content\">\n<p><span data-teams=\"true\"><strong style=\"font-size: 17px;\" data-fusion-font=\"true\">Collegiality<\/strong><span style=\"font-size: 17px;\" data-fusion-font=\"true\"> : To foster sharing, mutual support, and trust among professionals<\/span><\/span><\/p>\n<\/div><\/li><li class=\"fusion-li-item\" style=\"\"><span class=\"icon-wrapper circle-no\"><i class=\"fusion-li-icon fa-angle-right fas\" aria-hidden=\"true\"><\/i><\/span><div class=\"fusion-li-item-content\">\n<p><span data-teams=\"true\"><strong style=\"font-size: 17px;\" data-fusion-font=\"true\">Independence<\/strong><span style=\"font-size: 17px;\" data-fusion-font=\"true\"> : To preserve each member\u2019s autonomy while valuing the strength of the collective<\/span><\/span><\/p>\n<\/div><\/li><\/ul><\/div><\/div><\/div><div class=\"fusion-separator fusion-full-width-sep\" style=\"align-self: center;margin-left: auto;margin-right: auto;margin-top:30px;margin-bottom:30px;width:100%;\"><\/div><div class=\"fusion-builder-row fusion-builder-row-inner fusion-row fusion-flex-align-items-flex-start fusion-flex-content-wrap\" style=\"width:104% !important;max-width:104% !important;margin-left: calc(-4% \/ 2 );margin-right: calc(-4% \/ 2 );\"><div class=\"fusion-layout-column fusion_builder_column_inner fusion-builder-nested-column-6 fusion_builder_column_inner_1_3 1_3 fusion-flex-column\" style=\"--awb-bg-size:cover;--awb-width-large:33.333333333333%;--awb-margin-top-large:0px;--awb-spacing-right-large:5.76%;--awb-margin-bottom-large:0px;--awb-spacing-left-large:5.76%;--awb-width-medium:33.333333333333%;--awb-order-medium:0;--awb-spacing-right-medium:5.76%;--awb-spacing-left-medium:5.76%;--awb-width-small:100%;--awb-order-small:0;--awb-spacing-right-small:1.92%;--awb-spacing-left-small:1.92%;\"><div class=\"fusion-column-wrapper fusion-column-has-shadow fusion-flex-justify-content-flex-start fusion-content-layout-column\"><div class=\"fusion-image-element\" style=\"--awb-caption-title-font-family:var(--h2_typography-font-family);--awb-caption-title-font-weight:var(--h2_typography-font-weight);--awb-caption-title-font-style:var(--h2_typography-font-style);--awb-caption-title-size:var(--h2_typography-font-size);--awb-caption-title-transform:var(--h2_typography-text-transform);--awb-caption-title-line-height:var(--h2_typography-line-height);--awb-caption-title-letter-spacing:var(--h2_typography-letter-spacing);\"><span class=\"fusion-imageframe imageframe-none imageframe-1 hover-type-none\"><img decoding=\"async\" width=\"1100\" height=\"772\" alt=\"Man Drawing on Whiteboard\" title=\"Man Drawing on Whiteboard\" src=\"data:image\/svg+xml,%3Csvg%20xmlns%3D%27http%3A%2F%2Fwww.w3.org%2F2000%2Fsvg%27%20width%3D%271100%27%20height%3D%27772%27%20viewBox%3D%270%200%201100%20772%27%3E%3Crect%20width%3D%271100%27%20height%3D%27772%27%20fill-opacity%3D%220%22%2F%3E%3C%2Fsvg%3E\" data-orig-src=\"http:\/\/fiscalia.ca\/wp-content\/uploads\/2022\/09\/flowing-data-analysis.jpg\" class=\"lazyload img-responsive wp-image-322\"\/><\/span><\/div><\/div><\/div><div class=\"fusion-layout-column fusion_builder_column_inner fusion-builder-nested-column-7 fusion_builder_column_inner_1_3 1_3 fusion-flex-column\" style=\"--awb-padding-top-small:40px;--awb-padding-bottom-small:40px;--awb-bg-size:cover;--awb-width-large:33.333333333333%;--awb-margin-top-large:0px;--awb-spacing-right-large:5.76%;--awb-margin-bottom-large:0px;--awb-spacing-left-large:5.76%;--awb-width-medium:33.333333333333%;--awb-order-medium:0;--awb-spacing-right-medium:5.76%;--awb-spacing-left-medium:5.76%;--awb-width-small:100%;--awb-order-small:0;--awb-spacing-right-small:1.92%;--awb-spacing-left-small:1.92%;\"><div class=\"fusion-column-wrapper fusion-column-has-shadow fusion-flex-justify-content-flex-start fusion-content-layout-column\"><div class=\"fusion-image-element\" style=\"--awb-caption-title-font-family:var(--h2_typography-font-family);--awb-caption-title-font-weight:var(--h2_typography-font-weight);--awb-caption-title-font-style:var(--h2_typography-font-style);--awb-caption-title-size:var(--h2_typography-font-size);--awb-caption-title-transform:var(--h2_typography-text-transform);--awb-caption-title-line-height:var(--h2_typography-line-height);--awb-caption-title-letter-spacing:var(--h2_typography-letter-spacing);\"><span class=\"fusion-imageframe imageframe-none imageframe-2 hover-type-none\"><img decoding=\"async\" width=\"1100\" height=\"772\" alt=\"Person Working on a Laptop\" title=\"Person Working on a Laptop\" src=\"data:image\/svg+xml,%3Csvg%20xmlns%3D%27http%3A%2F%2Fwww.w3.org%2F2000%2Fsvg%27%20width%3D%271100%27%20height%3D%27772%27%20viewBox%3D%270%200%201100%20772%27%3E%3Crect%20width%3D%271100%27%20height%3D%27772%27%20fill-opacity%3D%220%22%2F%3E%3C%2Fsvg%3E\" data-orig-src=\"http:\/\/fiscalia.ca\/wp-content\/uploads\/2022\/09\/business-task-completion.jpg\" class=\"lazyload img-responsive wp-image-321\"\/><\/span><\/div><\/div><\/div><div class=\"fusion-layout-column fusion_builder_column_inner fusion-builder-nested-column-8 fusion_builder_column_inner_1_3 1_3 fusion-flex-column\" style=\"--awb-bg-size:cover;--awb-width-large:33.333333333333%;--awb-margin-top-large:0px;--awb-spacing-right-large:5.76%;--awb-margin-bottom-large:0px;--awb-spacing-left-large:5.76%;--awb-width-medium:33.333333333333%;--awb-order-medium:0;--awb-spacing-right-medium:5.76%;--awb-spacing-left-medium:5.76%;--awb-width-small:100%;--awb-order-small:0;--awb-spacing-right-small:1.92%;--awb-spacing-left-small:1.92%;\"><div class=\"fusion-column-wrapper fusion-column-has-shadow fusion-flex-justify-content-flex-start fusion-content-layout-column\"><div class=\"fusion-image-element\" style=\"--awb-caption-title-font-family:var(--h2_typography-font-family);--awb-caption-title-font-weight:var(--h2_typography-font-weight);--awb-caption-title-font-style:var(--h2_typography-font-style);--awb-caption-title-size:var(--h2_typography-font-size);--awb-caption-title-transform:var(--h2_typography-text-transform);--awb-caption-title-line-height:var(--h2_typography-line-height);--awb-caption-title-letter-spacing:var(--h2_typography-letter-spacing);\"><span class=\"fusion-imageframe imageframe-none imageframe-3 hover-type-none\"><img decoding=\"async\" width=\"1100\" height=\"772\" alt=\"Man Working on a Laptop\" title=\"Man Working on a Laptop\" src=\"data:image\/svg+xml,%3Csvg%20xmlns%3D%27http%3A%2F%2Fwww.w3.org%2F2000%2Fsvg%27%20width%3D%271100%27%20height%3D%27772%27%20viewBox%3D%270%200%201100%20772%27%3E%3Crect%20width%3D%271100%27%20height%3D%27772%27%20fill-opacity%3D%220%22%2F%3E%3C%2Fsvg%3E\" data-orig-src=\"http:\/\/fiscalia.ca\/wp-content\/uploads\/2022\/09\/management-tracking.jpg\" class=\"lazyload img-responsive wp-image-320\"\/><\/span><\/div><\/div><\/div><\/div><\/div><\/div><\/div><\/div>","protected":false},"excerpt":{"rendered":"","protected":false},"author":3,"featured_media":0,"parent":2727,"menu_order":0,"comment_status":"closed","ping_status":"closed","template":"100-width.php","meta":{"footnotes":""},"class_list":["post-4162","page","type-page","status-publish","hentry"],"yoast_head":"<!-- This site is optimized with the Yoast SEO plugin v27.0 - https:\/\/yoast.com\/product\/yoast-seo-wordpress\/ -->\n<title>Qui sommes-nous FISCALIA<\/title>\n<meta name=\"robots\" content=\"index, follow, max-snippet:-1, max-image-preview:large, max-video-preview:-1\" \/>\n<link rel=\"canonical\" href=\"https:\/\/fiscalia.ca\/en\/champs-expertises\/qui-sommes-nous\/\" \/>\n<meta property=\"og:locale\" content=\"en_US\" \/>\n<meta property=\"og:type\" content=\"article\" \/>\n<meta property=\"og:title\" content=\"Qui sommes-nous FISCALIA\" \/>\n<meta property=\"og:url\" content=\"https:\/\/fiscalia.ca\/en\/champs-expertises\/qui-sommes-nous\/\" \/>\n<meta property=\"og:site_name\" content=\"FISCALIA\" \/>\n<meta property=\"article:modified_time\" content=\"2026-01-08T19:56:34+00:00\" \/>\n<meta name=\"twitter:card\" content=\"summary_large_image\" \/>\n<meta name=\"twitter:label1\" content=\"Est. reading time\" \/>\n\t<meta name=\"twitter:data1\" content=\"20 minutes\" \/>\n<script type=\"application\/ld+json\" class=\"yoast-schema-graph\">{\"@context\":\"https:\/\/schema.org\",\"@graph\":[{\"@type\":\"WebPage\",\"@id\":\"https:\/\/fiscalia.ca\/champs-expertises\/qui-sommes-nous\/\",\"url\":\"https:\/\/fiscalia.ca\/champs-expertises\/qui-sommes-nous\/\",\"name\":\"Qui sommes-nous FISCALIA\",\"isPartOf\":{\"@id\":\"https:\/\/fiscalia.ca\/#website\"},\"datePublished\":\"2025-09-30T15:41:10+00:00\",\"dateModified\":\"2026-01-08T19:56:34+00:00\",\"breadcrumb\":{\"@id\":\"https:\/\/fiscalia.ca\/champs-expertises\/qui-sommes-nous\/#breadcrumb\"},\"inLanguage\":\"en-CA\",\"potentialAction\":[{\"@type\":\"ReadAction\",\"target\":[\"https:\/\/fiscalia.ca\/champs-expertises\/qui-sommes-nous\/\"]}]},{\"@type\":\"BreadcrumbList\",\"@id\":\"https:\/\/fiscalia.ca\/champs-expertises\/qui-sommes-nous\/#breadcrumb\",\"itemListElement\":[{\"@type\":\"ListItem\",\"position\":1,\"name\":\"Accueil\",\"item\":\"https:\/\/fiscalia.ca\/\"},{\"@type\":\"ListItem\",\"position\":2,\"name\":\"Champs d&rsquo;expertises\",\"item\":\"https:\/\/fiscalia.ca\/champs-expertises\/\"},{\"@type\":\"ListItem\",\"position\":3,\"name\":\"Qui sommes-nous\"}]},{\"@type\":\"WebSite\",\"@id\":\"https:\/\/fiscalia.ca\/#website\",\"url\":\"https:\/\/fiscalia.ca\/\",\"name\":\"FISCALIA\",\"description\":\"\",\"potentialAction\":[{\"@type\":\"SearchAction\",\"target\":{\"@type\":\"EntryPoint\",\"urlTemplate\":\"https:\/\/fiscalia.ca\/?s={search_term_string}\"},\"query-input\":{\"@type\":\"PropertyValueSpecification\",\"valueRequired\":true,\"valueName\":\"search_term_string\"}}],\"inLanguage\":\"en-CA\"}]}<\/script>\n<!-- \/ Yoast SEO plugin. -->","yoast_head_json":{"title":"Qui sommes-nous FISCALIA","robots":{"index":"index","follow":"follow","max-snippet":"max-snippet:-1","max-image-preview":"max-image-preview:large","max-video-preview":"max-video-preview:-1"},"canonical":"https:\/\/fiscalia.ca\/en\/champs-expertises\/qui-sommes-nous\/","og_locale":"en_US","og_type":"article","og_title":"Qui sommes-nous FISCALIA","og_url":"https:\/\/fiscalia.ca\/en\/champs-expertises\/qui-sommes-nous\/","og_site_name":"FISCALIA","article_modified_time":"2026-01-08T19:56:34+00:00","twitter_card":"summary_large_image","twitter_misc":{"Est. reading time":"20 minutes"},"schema":{"@context":"https:\/\/schema.org","@graph":[{"@type":"WebPage","@id":"https:\/\/fiscalia.ca\/champs-expertises\/qui-sommes-nous\/","url":"https:\/\/fiscalia.ca\/champs-expertises\/qui-sommes-nous\/","name":"Qui sommes-nous FISCALIA","isPartOf":{"@id":"https:\/\/fiscalia.ca\/#website"},"datePublished":"2025-09-30T15:41:10+00:00","dateModified":"2026-01-08T19:56:34+00:00","breadcrumb":{"@id":"https:\/\/fiscalia.ca\/champs-expertises\/qui-sommes-nous\/#breadcrumb"},"inLanguage":"en-CA","potentialAction":[{"@type":"ReadAction","target":["https:\/\/fiscalia.ca\/champs-expertises\/qui-sommes-nous\/"]}]},{"@type":"BreadcrumbList","@id":"https:\/\/fiscalia.ca\/champs-expertises\/qui-sommes-nous\/#breadcrumb","itemListElement":[{"@type":"ListItem","position":1,"name":"Accueil","item":"https:\/\/fiscalia.ca\/"},{"@type":"ListItem","position":2,"name":"Champs d&rsquo;expertises","item":"https:\/\/fiscalia.ca\/champs-expertises\/"},{"@type":"ListItem","position":3,"name":"Qui sommes-nous"}]},{"@type":"WebSite","@id":"https:\/\/fiscalia.ca\/#website","url":"https:\/\/fiscalia.ca\/","name":"FISCALIA","description":"","potentialAction":[{"@type":"SearchAction","target":{"@type":"EntryPoint","urlTemplate":"https:\/\/fiscalia.ca\/?s={search_term_string}"},"query-input":{"@type":"PropertyValueSpecification","valueRequired":true,"valueName":"search_term_string"}}],"inLanguage":"en-CA"}]}},"_links":{"self":[{"href":"https:\/\/fiscalia.ca\/en\/wp-json\/wp\/v2\/pages\/4162","targetHints":{"allow":["GET"]}}],"collection":[{"href":"https:\/\/fiscalia.ca\/en\/wp-json\/wp\/v2\/pages"}],"about":[{"href":"https:\/\/fiscalia.ca\/en\/wp-json\/wp\/v2\/types\/page"}],"author":[{"embeddable":true,"href":"https:\/\/fiscalia.ca\/en\/wp-json\/wp\/v2\/users\/3"}],"replies":[{"embeddable":true,"href":"https:\/\/fiscalia.ca\/en\/wp-json\/wp\/v2\/comments?post=4162"}],"version-history":[{"count":17,"href":"https:\/\/fiscalia.ca\/en\/wp-json\/wp\/v2\/pages\/4162\/revisions"}],"predecessor-version":[{"id":4314,"href":"https:\/\/fiscalia.ca\/en\/wp-json\/wp\/v2\/pages\/4162\/revisions\/4314"}],"up":[{"embeddable":true,"href":"https:\/\/fiscalia.ca\/en\/wp-json\/wp\/v2\/pages\/2727"}],"wp:attachment":[{"href":"https:\/\/fiscalia.ca\/en\/wp-json\/wp\/v2\/media?parent=4162"}],"curies":[{"name":"wp","href":"https:\/\/api.w.org\/{rel}","templated":true}]}}