{"id":3649,"date":"2025-07-23T17:33:58","date_gmt":"2025-07-23T17:33:58","guid":{"rendered":"https:\/\/fiscalia.ca\/?page_id=3649"},"modified":"2026-02-05T19:56:22","modified_gmt":"2026-02-05T19:56:22","slug":"nos-partenaires","status":"publish","type":"page","link":"https:\/\/fiscalia.ca\/en\/nos-partenaires\/","title":{"rendered":"Our partners"},"content":{"rendered":"<p><div class=\"fusion-fullwidth fullwidth-box fusion-builder-row-1 fusion-flex-container has-pattern-background has-mask-background nonhundred-percent-fullwidth non-hundred-percent-height-scrolling\" style=\"--awb-border-radius-top-left:0px;--awb-border-radius-top-right:0px;--awb-border-radius-bottom-right:0px;--awb-border-radius-bottom-left:0px;--awb-flex-wrap:wrap;\" ><div class=\"fusion-builder-row fusion-row fusion-flex-align-items-flex-start fusion-flex-content-wrap\" style=\"max-width:1372.8px;margin-left: calc(-4% \/ 2 );margin-right: calc(-4% \/ 2 );\"><div class=\"fusion-layout-column fusion_builder_column fusion-builder-column-0 fusion_builder_column_1_1 1_1 fusion-flex-column\" style=\"--awb-bg-size:cover;--awb-width-large:100%;--awb-margin-top-large:0px;--awb-spacing-right-large:1.92%;--awb-margin-bottom-large:20px;--awb-spacing-left-large:1.92%;--awb-width-medium:100%;--awb-order-medium:0;--awb-spacing-right-medium:1.92%;--awb-spacing-left-medium:1.92%;--awb-width-small:100%;--awb-order-small:0;--awb-spacing-right-small:1.92%;--awb-spacing-left-small:1.92%;\"><div class=\"fusion-column-wrapper fusion-column-has-shadow fusion-flex-justify-content-flex-start fusion-content-layout-column\"><div class=\"fusion-text fusion-text-1\" style=\"--awb-text-color:var(--awb-color8);\"><p>&nbsp;<\/p>\n<p style=\"text-align: left;\"><span dir=\"auto\" style=\"vertical-align: inherit;\"><span dir=\"auto\" style=\"vertical-align: inherit;\">Chez FISCALIA, les partenariats servent \u00e0 int\u00e9grer des expertises compl\u00e9mentaires au r\u00e9seau d&rsquo;experts en fiscalit\u00e9, afin de r\u00e9pondre aux enjeux des organisations.<\/span><\/span><\/p>\n<\/div><\/div><\/div><\/div><\/div><div class=\"fusion-fullwidth fullwidth-box fusion-builder-row-2 fusion-flex-container has-pattern-background has-mask-background nonhundred-percent-fullwidth non-hundred-percent-height-scrolling\" style=\"--awb-border-radius-top-left:0px;--awb-border-radius-top-right:0px;--awb-border-radius-bottom-right:0px;--awb-border-radius-bottom-left:0px;--awb-padding-top:50px;--awb-padding-right:20px;--awb-padding-bottom:50px;--awb-padding-left:20px;--awb-flex-wrap:wrap;\" ><div class=\"fusion-builder-row fusion-row fusion-flex-align-items-flex-start fusion-flex-content-wrap\" style=\"max-width:1372.8px;margin-left: calc(-4% \/ 2 );margin-right: calc(-4% \/ 2 );\"><div class=\"fusion-layout-column fusion_builder_column fusion-builder-column-1 fusion_builder_column_1_3 1_3 fusion-flex-column\" style=\"--awb-bg-size:cover;--awb-width-large:33.333333333333%;--awb-margin-top-large:10px;--awb-spacing-right-large:5.76%;--awb-margin-bottom-large:0px;--awb-spacing-left-large:5.76%;--awb-width-medium:33.333333333333%;--awb-order-medium:0;--awb-spacing-right-medium:5.76%;--awb-spacing-left-medium:5.76%;--awb-width-small:100%;--awb-order-small:0;--awb-spacing-right-small:1.92%;--awb-spacing-left-small:1.92%;\" data-scroll-devices=\"small-visibility,medium-visibility,large-visibility\"><div class=\"fusion-column-wrapper fusion-column-has-shadow fusion-flex-justify-content-flex-start fusion-content-layout-column\"><div class=\"fusion-image-element\" style=\"text-align:center;--awb-margin-bottom:10px;--awb-max-width:250px;--awb-caption-title-font-family:var(--h2_typography-font-family);--awb-caption-title-font-weight:var(--h2_typography-font-weight);--awb-caption-title-font-style:var(--h2_typography-font-style);--awb-caption-title-size:var(--h2_typography-font-size);--awb-caption-title-transform:var(--h2_typography-text-transform);--awb-caption-title-line-height:var(--h2_typography-line-height);--awb-caption-title-letter-spacing:var(--h2_typography-letter-spacing);\"><span class=\"fusion-imageframe imageframe-none imageframe-1 hover-type-none\"><a class=\"fusion-no-lightbox\" href=\"https:\/\/cogitas.ca\/\" target=\"_blank\" aria-label=\"Logo_Cogitas\" rel=\"noopener noreferrer\"><img decoding=\"async\" width=\"900\" height=\"268\" alt=\"Logo_Cogitas\" src=\"data:image\/svg+xml,%3Csvg%20xmlns%3D%27http%3A%2F%2Fwww.w3.org%2F2000%2Fsvg%27%20width%3D%27900%27%20height%3D%27268%27%20viewBox%3D%270%200%20900%20268%27%3E%3Crect%20width%3D%27900%27%20height%3D%27268%27%20fill-opacity%3D%220%22%2F%3E%3C%2Fsvg%3E\" data-orig-src=\"http:\/\/fiscalia.ca\/wp-content\/uploads\/2025\/07\/Logo_Cogitas.png\" class=\"lazyload img-responsive wp-image-3653\"\/><\/a><\/span><\/div><div class=\"fusion-title title fusion-title-1 fusion-sep-none fusion-title-center fusion-title-text fusion-title-size-three\" style=\"--awb-font-size:18px;\"><h3 class=\"fusion-title-heading title-heading-center\" style=\"margin:0;text-transform:none;font-size:1em;\">Firme-conseil sp\u00e9cialis\u00e9e en sant\u00e9 organisationnelle, financi\u00e8re et technologique.<\/h3><\/div><div class=\"accordian fusion-accordian\" style=\"--awb-padding-top:10px;--awb-padding-bottom:10px;--awb-border-size:0px;--awb-icon-size:20px;--awb-content-font-size:17px;--awb-content-letter-spacing:0.010em;--awb-content-text-transform:var(--awb-typography4-text-transform);--awb-content-line-height:1.6;--awb-icon-alignment:left;--awb-hover-color:rgba(255,143,92,0.05);--awb-border-color:rgba(79,134,216,0.2);--awb-background-color:#ffffff;--awb-divider-color:rgba(79,134,216,0.2);--awb-divider-hover-color:#4e85d8;--awb-icon-color:var(--awb-color8);--awb-title-color:#191919;--awb-content-color:#424242;--awb-icon-box-color:#ffffff;--awb-toggle-hover-accent-color:var(--awb-color5);--awb-toggle-active-accent-color:var(--awb-color5);--awb-title-font-family:&quot;Figtree&quot;;--awb-title-font-weight:600;--awb-title-font-style:normal;--awb-title-font-size:20px;--awb-title-letter-spacing:0.010em;--awb-title-line-height:1.4;--awb-title-text-transform:var(--awb-typography1-text-transform);--awb-content-font-family:&quot;Figtree&quot;;--awb-content-font-style:normal;--awb-content-font-weight:400;\"><div class=\"panel-group fusion-toggle-icon-unboxed\" id=\"accordion-3649-1\"><div class=\"fusion-panel panel-default panel-6addb794fa3970024 fusion-toggle-no-divider fusion-toggle-boxed-mode\" style=\"--awb-title-color:var(--awb-color8);--awb-content-color:var(--awb-color8);\"><div class=\"panel-heading\"><h4 class=\"panel-title toggle\" id=\"toggle_6addb794fa3970024\"><a aria-expanded=\"false\" aria-controls=\"6addb794fa3970024\" role=\"button\" data-toggle=\"collapse\" data-parent=\"#accordion-3649-1\" data-target=\"#6addb794fa3970024\" href=\"#6addb794fa3970024\"><span class=\"fusion-toggle-icon-wrapper\" aria-hidden=\"true\"><i class=\"fa-fusion-box active-icon fa-minus fas\" aria-hidden=\"true\"><\/i><i class=\"fa-fusion-box inactive-icon fa-plus fas\" aria-hidden=\"true\"><\/i><\/span><span class=\"fusion-toggle-heading\"><\/span><\/a><\/h4><\/div><div id=\"6addb794fa3970024\" class=\"panel-collapse collapse\" aria-labelledby=\"toggle_6addb794fa3970024\"><div class=\"panel-body toggle-content fusion-clearfix\">\n<p data-pm-slice=\"1 1 &#091;&#093;\">COGITAS agit comme expert des enjeux organisationnels et strat\u00e9giques, en appui aux d\u00e9cisions cl\u00e9s des organisations.<\/p>\n<\/div><\/div><\/div><\/div><\/div><div class=\"fusion-separator fusion-no-medium-visibility fusion-no-large-visibility fusion-full-width-sep\" style=\"align-self: center;margin-left: auto;margin-right: auto;margin-top:40px;width:100%;\"><div class=\"fusion-separator-border sep-double\" style=\"--awb-height:20px;--awb-amount:20px;border-color:var(--awb-color3);border-top-width:0px;border-bottom-width:0px;\"><\/div><\/div><\/div><\/div><div class=\"fusion-layout-column fusion_builder_column fusion-builder-column-2 fusion_builder_column_1_3 1_3 fusion-flex-column\" style=\"--awb-bg-size:cover;--awb-width-large:33.333333333333%;--awb-margin-top-large:0px;--awb-spacing-right-large:5.76%;--awb-margin-bottom-large:10px;--awb-spacing-left-large:5.76%;--awb-width-medium:33.333333333333%;--awb-order-medium:0;--awb-spacing-right-medium:5.76%;--awb-spacing-left-medium:5.76%;--awb-width-small:100%;--awb-order-small:0;--awb-spacing-right-small:1.92%;--awb-spacing-left-small:1.92%;\" data-scroll-devices=\"small-visibility,medium-visibility,large-visibility\"><div class=\"fusion-column-wrapper fusion-column-has-shadow fusion-flex-justify-content-flex-start fusion-content-layout-column\"><div class=\"fusion-image-element\" style=\"text-align:center;--awb-max-width:250px;--awb-caption-title-font-family:var(--h2_typography-font-family);--awb-caption-title-font-weight:var(--h2_typography-font-weight);--awb-caption-title-font-style:var(--h2_typography-font-style);--awb-caption-title-size:var(--h2_typography-font-size);--awb-caption-title-transform:var(--h2_typography-text-transform);--awb-caption-title-line-height:var(--h2_typography-line-height);--awb-caption-title-letter-spacing:var(--h2_typography-letter-spacing);\"><span class=\"fusion-imageframe imageframe-none imageframe-2 hover-type-none\"><a class=\"fusion-no-lightbox\" href=\"https:\/\/algoria.ca\/\" target=\"_blank\" aria-label=\"Logo_AlgorIA\" rel=\"noopener noreferrer\"><img decoding=\"async\" width=\"2560\" height=\"852\" src=\"https:\/\/fiscalia.ca\/wp-content\/uploads\/2025\/07\/Logo_AlgorIA-scaled.png\" data-orig-src=\"http:\/\/fiscalia.ca\/wp-content\/uploads\/2025\/07\/Logo_AlgorIA-scaled.png\" alt class=\"lazyload img-responsive wp-image-3654\" srcset=\"data:image\/svg+xml,%3Csvg%20xmlns%3D%27http%3A%2F%2Fwww.w3.org%2F2000%2Fsvg%27%20width%3D%272560%27%20height%3D%27852%27%20viewBox%3D%270%200%202560%20852%27%3E%3Crect%20width%3D%272560%27%20height%3D%27852%27%20fill-opacity%3D%220%22%2F%3E%3C%2Fsvg%3E\" data-srcset=\"https:\/\/fiscalia.ca\/wp-content\/uploads\/2025\/07\/Logo_AlgorIA-200x67.png 200w, https:\/\/fiscalia.ca\/wp-content\/uploads\/2025\/07\/Logo_AlgorIA-400x133.png 400w, https:\/\/fiscalia.ca\/wp-content\/uploads\/2025\/07\/Logo_AlgorIA-600x200.png 600w, https:\/\/fiscalia.ca\/wp-content\/uploads\/2025\/07\/Logo_AlgorIA-800x266.png 800w, https:\/\/fiscalia.ca\/wp-content\/uploads\/2025\/07\/Logo_AlgorIA-1200x399.png 1200w, https:\/\/fiscalia.ca\/wp-content\/uploads\/2025\/07\/Logo_AlgorIA-scaled.png 2560w\" data-sizes=\"auto\" data-orig-sizes=\"(max-width: 850px) 100vw, 400px\" \/><\/a><\/span><\/div><div class=\"fusion-title title fusion-title-2 fusion-sep-none fusion-title-center fusion-title-text fusion-title-size-three\" style=\"--awb-margin-top:21px;--awb-font-size:18px;\"><h3 class=\"fusion-title-heading title-heading-center\" style=\"margin:0;text-transform:none;font-size:1em;\">Consultation et formation en intelligence artificielle.<\/h3><\/div><div class=\"accordian fusion-accordian\" style=\"--awb-padding-top:10px;--awb-padding-bottom:10px;--awb-border-size:0px;--awb-icon-size:20px;--awb-content-font-size:17px;--awb-content-letter-spacing:0.010em;--awb-content-text-transform:var(--awb-typography4-text-transform);--awb-content-line-height:1.6;--awb-icon-alignment:left;--awb-hover-color:rgba(255,143,92,0.05);--awb-border-color:rgba(79,134,216,0.2);--awb-background-color:#ffffff;--awb-divider-color:rgba(79,134,216,0.2);--awb-divider-hover-color:#4e85d8;--awb-icon-color:var(--awb-color8);--awb-title-color:#191919;--awb-content-color:#424242;--awb-icon-box-color:#ffffff;--awb-toggle-hover-accent-color:var(--awb-color5);--awb-toggle-active-accent-color:var(--awb-color5);--awb-title-font-family:&quot;Figtree&quot;;--awb-title-font-weight:600;--awb-title-font-style:normal;--awb-title-font-size:20px;--awb-title-letter-spacing:0.010em;--awb-title-line-height:1.4;--awb-title-text-transform:var(--awb-typography1-text-transform);--awb-content-font-family:&quot;Figtree&quot;;--awb-content-font-style:normal;--awb-content-font-weight:400;\"><div class=\"panel-group fusion-toggle-icon-unboxed\" id=\"accordion-3649-2\"><div class=\"fusion-panel panel-default panel-5a58b1dfb788239e5 fusion-toggle-no-divider fusion-toggle-boxed-mode\" style=\"--awb-title-color:var(--awb-color8);--awb-content-color:var(--awb-color8);\"><div class=\"panel-heading\"><h4 class=\"panel-title toggle\" id=\"toggle_5a58b1dfb788239e5\"><a aria-expanded=\"false\" aria-controls=\"5a58b1dfb788239e5\" role=\"button\" data-toggle=\"collapse\" data-parent=\"#accordion-3649-2\" data-target=\"#5a58b1dfb788239e5\" href=\"#5a58b1dfb788239e5\"><span class=\"fusion-toggle-icon-wrapper\" aria-hidden=\"true\"><i class=\"fa-fusion-box active-icon fa-minus fas\" aria-hidden=\"true\"><\/i><i class=\"fa-fusion-box inactive-icon fa-plus fas\" aria-hidden=\"true\"><\/i><\/span><span class=\"fusion-toggle-heading\"><\/span><\/a><\/h4><\/div><div id=\"5a58b1dfb788239e5\" class=\"panel-collapse collapse\" aria-labelledby=\"toggle_5a58b1dfb788239e5\"><div class=\"panel-body toggle-content fusion-clearfix\">\n<p>AlgorIA apporte une expertise en transformation num\u00e9rique pour accompagner l\u2019\u00e9volution des organisations.<\/p>\n<\/div><\/div><\/div><\/div><\/div><div class=\"fusion-separator fusion-no-medium-visibility fusion-no-large-visibility fusion-full-width-sep\" style=\"align-self: center;margin-left: auto;margin-right: auto;margin-top:40px;width:100%;\"><div class=\"fusion-separator-border sep-double\" style=\"--awb-height:20px;--awb-amount:20px;border-color:var(--awb-color3);border-top-width:0px;border-bottom-width:0px;\"><\/div><\/div><\/div><\/div><div class=\"fusion-layout-column fusion_builder_column fusion-builder-column-3 fusion_builder_column_1_3 1_3 fusion-flex-column\" style=\"--awb-bg-size:cover;--awb-width-large:33.333333333333%;--awb-margin-top-large:0px;--awb-spacing-right-large:5.76%;--awb-margin-bottom-large:10px;--awb-spacing-left-large:5.76%;--awb-width-medium:33.333333333333%;--awb-order-medium:0;--awb-spacing-right-medium:5.76%;--awb-spacing-left-medium:5.76%;--awb-width-small:100%;--awb-order-small:0;--awb-spacing-right-small:1.92%;--awb-spacing-left-small:1.92%;\"><div class=\"fusion-column-wrapper fusion-column-has-shadow fusion-flex-justify-content-flex-start fusion-content-layout-column\"><div class=\"fusion-image-element\" style=\"text-align:center;--awb-margin-top:15px;--awb-max-width:250px;--awb-caption-title-font-family:var(--h2_typography-font-family);--awb-caption-title-font-weight:var(--h2_typography-font-weight);--awb-caption-title-font-style:var(--h2_typography-font-style);--awb-caption-title-size:var(--h2_typography-font-size);--awb-caption-title-transform:var(--h2_typography-text-transform);--awb-caption-title-line-height:var(--h2_typography-line-height);--awb-caption-title-letter-spacing:var(--h2_typography-letter-spacing);\"><span class=\"fusion-imageframe imageframe-none imageframe-3 hover-type-none\"><a class=\"fusion-no-lightbox\" href=\"https:\/\/www.bankeo.ca\/\" target=\"_blank\" aria-label=\"Logotype-bankeo_Couleur\" rel=\"noopener noreferrer\"><img decoding=\"async\" width=\"300\" height=\"78\" src=\"https:\/\/fiscalia.ca\/wp-content\/uploads\/2026\/01\/Logotype-bankeo_Couleur.jpg\" data-orig-src=\"http:\/\/fiscalia.ca\/wp-content\/uploads\/2026\/01\/Logotype-bankeo_Couleur-300x78.jpg\" alt class=\"lazyload img-responsive wp-image-4376\" srcset=\"data:image\/svg+xml,%3Csvg%20xmlns%3D%27http%3A%2F%2Fwww.w3.org%2F2000%2Fsvg%27%20width%3D%27960%27%20height%3D%27250%27%20viewBox%3D%270%200%20960%20250%27%3E%3Crect%20width%3D%27960%27%20height%3D%27250%27%20fill-opacity%3D%220%22%2F%3E%3C%2Fsvg%3E\" data-srcset=\"https:\/\/fiscalia.ca\/wp-content\/uploads\/2026\/01\/Logotype-bankeo_Couleur-200x52.jpg 200w, https:\/\/fiscalia.ca\/wp-content\/uploads\/2026\/01\/Logotype-bankeo_Couleur-400x104.jpg 400w, https:\/\/fiscalia.ca\/wp-content\/uploads\/2026\/01\/Logotype-bankeo_Couleur-600x156.jpg 600w, https:\/\/fiscalia.ca\/wp-content\/uploads\/2026\/01\/Logotype-bankeo_Couleur-800x208.jpg 800w, https:\/\/fiscalia.ca\/wp-content\/uploads\/2026\/01\/Logotype-bankeo_Couleur.jpg 960w\" data-sizes=\"auto\" data-orig-sizes=\"(max-width: 850px) 100vw, 400px\" \/><\/a><\/span><\/div><div class=\"fusion-title title fusion-title-3 fusion-sep-none fusion-title-center fusion-title-text fusion-title-size-three\" style=\"--awb-margin-top:24px;--awb-font-size:18px;\"><h3 class=\"fusion-title-heading title-heading-center\" style=\"margin:0;text-transform:none;font-size:1em;\">Simplifie la recherche de comptables certifi\u00e9s pour entrepreneurs.<\/h3><\/div><div class=\"accordian fusion-accordian\" style=\"--awb-padding-top:10px;--awb-padding-bottom:10px;--awb-border-size:0px;--awb-icon-size:20px;--awb-content-font-size:17px;--awb-content-letter-spacing:0.010em;--awb-content-text-transform:var(--awb-typography4-text-transform);--awb-content-line-height:1.6;--awb-icon-alignment:left;--awb-hover-color:rgba(255,143,92,0.05);--awb-border-color:rgba(79,134,216,0.2);--awb-background-color:#ffffff;--awb-divider-color:rgba(79,134,216,0.2);--awb-divider-hover-color:#4e85d8;--awb-icon-color:var(--awb-color8);--awb-title-color:#191919;--awb-content-color:#424242;--awb-icon-box-color:#ffffff;--awb-toggle-hover-accent-color:var(--awb-color5);--awb-toggle-active-accent-color:var(--awb-color5);--awb-title-font-family:&quot;Figtree&quot;;--awb-title-font-weight:600;--awb-title-font-style:normal;--awb-title-font-size:20px;--awb-title-letter-spacing:0.010em;--awb-title-line-height:1.4;--awb-title-text-transform:var(--awb-typography1-text-transform);--awb-content-font-family:&quot;Figtree&quot;;--awb-content-font-style:normal;--awb-content-font-weight:400;\"><div class=\"panel-group fusion-toggle-icon-unboxed\" id=\"accordion-3649-3\"><div class=\"fusion-panel panel-default panel-21571709a6bfb90d3 fusion-toggle-no-divider fusion-toggle-boxed-mode\" style=\"--awb-title-color:var(--awb-color8);--awb-content-color:var(--awb-color8);\"><div class=\"panel-heading\"><h4 class=\"panel-title toggle\" id=\"toggle_21571709a6bfb90d3\"><a aria-expanded=\"false\" aria-controls=\"21571709a6bfb90d3\" role=\"button\" data-toggle=\"collapse\" data-parent=\"#accordion-3649-3\" data-target=\"#21571709a6bfb90d3\" href=\"#21571709a6bfb90d3\"><span class=\"fusion-toggle-icon-wrapper\" aria-hidden=\"true\"><i class=\"fa-fusion-box active-icon fa-minus fas\" aria-hidden=\"true\"><\/i><i class=\"fa-fusion-box inactive-icon fa-plus fas\" aria-hidden=\"true\"><\/i><\/span><span class=\"fusion-toggle-heading\"><\/span><\/a><\/h4><\/div><div id=\"21571709a6bfb90d3\" class=\"panel-collapse collapse\" aria-labelledby=\"toggle_21571709a6bfb90d3\"><div class=\"panel-body toggle-content fusion-clearfix\">\n<p>Bank\u00e9o facilite l\u2019acc\u00e8s \u00e0 l\u2019expertise fiscale gr\u00e2ce \u00e0 une mise en relation structur\u00e9e entre entreprises et cabinets comptables.<\/p>\n<\/div><\/div><\/div><\/div><\/div><div class=\"fusion-separator fusion-no-medium-visibility fusion-no-large-visibility fusion-full-width-sep\" style=\"align-self: center;margin-left: auto;margin-right: auto;margin-top:40px;width:100%;\"><div class=\"fusion-separator-border sep-double\" style=\"--awb-height:20px;--awb-amount:20px;border-color:var(--awb-color3);border-top-width:0px;border-bottom-width:0px;\"><\/div><\/div><\/div><\/div><\/div><\/div><\/p>","protected":false},"excerpt":{"rendered":"","protected":false},"author":1,"featured_media":0,"parent":0,"menu_order":0,"comment_status":"closed","ping_status":"closed","template":"100-width.php","meta":{"footnotes":""},"class_list":["post-3649","page","type-page","status-publish","hentry"],"yoast_head":"<!-- This site is optimized with the Yoast SEO plugin v27.0 - https:\/\/yoast.com\/product\/yoast-seo-wordpress\/ -->\n<title>Nos partenaires FISCALIA<\/title>\n<meta name=\"robots\" content=\"index, follow, max-snippet:-1, max-image-preview:large, max-video-preview:-1\" \/>\n<link rel=\"canonical\" href=\"https:\/\/fiscalia.ca\/en\/nos-partenaires\/\" \/>\n<meta property=\"og:locale\" content=\"en_US\" \/>\n<meta property=\"og:type\" content=\"article\" \/>\n<meta property=\"og:title\" content=\"Nos partenaires FISCALIA\" \/>\n<meta property=\"og:url\" content=\"https:\/\/fiscalia.ca\/en\/nos-partenaires\/\" \/>\n<meta property=\"og:site_name\" content=\"FISCALIA\" \/>\n<meta property=\"article:modified_time\" content=\"2026-02-05T19:56:22+00:00\" \/>\n<meta name=\"twitter:card\" content=\"summary_large_image\" \/>\n<meta name=\"twitter:label1\" content=\"Est. reading time\" \/>\n\t<meta name=\"twitter:data1\" content=\"1 minute\" \/>\n<script type=\"application\/ld+json\" class=\"yoast-schema-graph\">{\"@context\":\"https:\/\/schema.org\",\"@graph\":[{\"@type\":\"WebPage\",\"@id\":\"https:\/\/fiscalia.ca\/nos-partenaires\/\",\"url\":\"https:\/\/fiscalia.ca\/nos-partenaires\/\",\"name\":\"Nos partenaires FISCALIA\",\"isPartOf\":{\"@id\":\"https:\/\/fiscalia.ca\/#website\"},\"datePublished\":\"2025-07-23T17:33:58+00:00\",\"dateModified\":\"2026-02-05T19:56:22+00:00\",\"breadcrumb\":{\"@id\":\"https:\/\/fiscalia.ca\/nos-partenaires\/#breadcrumb\"},\"inLanguage\":\"en-CA\",\"potentialAction\":[{\"@type\":\"ReadAction\",\"target\":[\"https:\/\/fiscalia.ca\/nos-partenaires\/\"]}]},{\"@type\":\"BreadcrumbList\",\"@id\":\"https:\/\/fiscalia.ca\/nos-partenaires\/#breadcrumb\",\"itemListElement\":[{\"@type\":\"ListItem\",\"position\":1,\"name\":\"Accueil\",\"item\":\"https:\/\/fiscalia.ca\/\"},{\"@type\":\"ListItem\",\"position\":2,\"name\":\"Nos partenaires\"}]},{\"@type\":\"WebSite\",\"@id\":\"https:\/\/fiscalia.ca\/#website\",\"url\":\"https:\/\/fiscalia.ca\/\",\"name\":\"FISCALIA\",\"description\":\"\",\"potentialAction\":[{\"@type\":\"SearchAction\",\"target\":{\"@type\":\"EntryPoint\",\"urlTemplate\":\"https:\/\/fiscalia.ca\/?s={search_term_string}\"},\"query-input\":{\"@type\":\"PropertyValueSpecification\",\"valueRequired\":true,\"valueName\":\"search_term_string\"}}],\"inLanguage\":\"en-CA\"}]}<\/script>\n<!-- \/ Yoast SEO plugin. -->","yoast_head_json":{"title":"Nos partenaires FISCALIA","robots":{"index":"index","follow":"follow","max-snippet":"max-snippet:-1","max-image-preview":"max-image-preview:large","max-video-preview":"max-video-preview:-1"},"canonical":"https:\/\/fiscalia.ca\/en\/nos-partenaires\/","og_locale":"en_US","og_type":"article","og_title":"Nos partenaires FISCALIA","og_url":"https:\/\/fiscalia.ca\/en\/nos-partenaires\/","og_site_name":"FISCALIA","article_modified_time":"2026-02-05T19:56:22+00:00","twitter_card":"summary_large_image","twitter_misc":{"Est. reading time":"1 minute"},"schema":{"@context":"https:\/\/schema.org","@graph":[{"@type":"WebPage","@id":"https:\/\/fiscalia.ca\/nos-partenaires\/","url":"https:\/\/fiscalia.ca\/nos-partenaires\/","name":"Nos partenaires FISCALIA","isPartOf":{"@id":"https:\/\/fiscalia.ca\/#website"},"datePublished":"2025-07-23T17:33:58+00:00","dateModified":"2026-02-05T19:56:22+00:00","breadcrumb":{"@id":"https:\/\/fiscalia.ca\/nos-partenaires\/#breadcrumb"},"inLanguage":"en-CA","potentialAction":[{"@type":"ReadAction","target":["https:\/\/fiscalia.ca\/nos-partenaires\/"]}]},{"@type":"BreadcrumbList","@id":"https:\/\/fiscalia.ca\/nos-partenaires\/#breadcrumb","itemListElement":[{"@type":"ListItem","position":1,"name":"Accueil","item":"https:\/\/fiscalia.ca\/"},{"@type":"ListItem","position":2,"name":"Nos partenaires"}]},{"@type":"WebSite","@id":"https:\/\/fiscalia.ca\/#website","url":"https:\/\/fiscalia.ca\/","name":"FISCALIA","description":"","potentialAction":[{"@type":"SearchAction","target":{"@type":"EntryPoint","urlTemplate":"https:\/\/fiscalia.ca\/?s={search_term_string}"},"query-input":{"@type":"PropertyValueSpecification","valueRequired":true,"valueName":"search_term_string"}}],"inLanguage":"en-CA"}]}},"_links":{"self":[{"href":"https:\/\/fiscalia.ca\/en\/wp-json\/wp\/v2\/pages\/3649","targetHints":{"allow":["GET"]}}],"collection":[{"href":"https:\/\/fiscalia.ca\/en\/wp-json\/wp\/v2\/pages"}],"about":[{"href":"https:\/\/fiscalia.ca\/en\/wp-json\/wp\/v2\/types\/page"}],"author":[{"embeddable":true,"href":"https:\/\/fiscalia.ca\/en\/wp-json\/wp\/v2\/users\/1"}],"replies":[{"embeddable":true,"href":"https:\/\/fiscalia.ca\/en\/wp-json\/wp\/v2\/comments?post=3649"}],"version-history":[{"count":59,"href":"https:\/\/fiscalia.ca\/en\/wp-json\/wp\/v2\/pages\/3649\/revisions"}],"predecessor-version":[{"id":4519,"href":"https:\/\/fiscalia.ca\/en\/wp-json\/wp\/v2\/pages\/3649\/revisions\/4519"}],"wp:attachment":[{"href":"https:\/\/fiscalia.ca\/en\/wp-json\/wp\/v2\/media?parent=3649"}],"curies":[{"name":"wp","href":"https:\/\/api.w.org\/{rel}","templated":true}]}}